{"id":499,"date":"2020-05-23T09:25:46","date_gmt":"2020-05-23T06:25:46","guid":{"rendered":"http:\/\/www.monzahouse.com.tr\/v2\/?page_id=499"},"modified":"2025-01-09T12:41:57","modified_gmt":"2025-01-09T09:41:57","slug":"sigacik-rehberi","status":"publish","type":"page","link":"https:\/\/www.monzahouse.com.tr\/en\/sigacik-rehberi\/","title":{"rendered":"Sigacik Guide"},"content":{"rendered":"<div class=\"brz-root__container brz-reset-all brz\">\n<section id=\"_ktdbhdrzwardglvdsjbevzmpzpzpxgjitpmk\" class=\"brz-section brz-css-uXy0X\">\n<div class=\"brz-section__content brz-section--boxed brz-css-lAsjg brz-css-oA9Y5\" data-brz-custom-id=\"lhpdnlvvqeusmhfuxftekcphyzvoywweiate\">\n<div class=\"brz-bg\">\n<div class=\"brz-bg-color\"><\/div>\n<\/div>\n<div class=\"brz-container brz-css-nJbEs brz-css-pIWeZ\">\n<div id=\"\" class=\"brz-css-qMe3e brz-css-wt86b brz-wrapper\">\n<div class=\"brz-image brz-css-hWTSJ\" data-brz-custom-id=\"nbjzpmbiaxctlbnuseleimpshspuhzuvitdb\"><img decoding=\"async\" class=\"brz-img\" src=\"https:\/\/www.monzahouse.com.tr\/wp-content\/uploads\/brizy\/imgs\/Monza-House-MainPageHeader-1381x751x0x75x1381x601x1597865657.jpg\" alt=\"\" loading=\"lazy\"><\/div>\n<\/div>\n<\/div>\n<\/div>\n<\/section>\n<section id=\"_cxofhmqeyjgepdqskwmmmvutgghbnpnrisvv\" class=\"brz-section brz-css-uXy0X brz-css-hhitb\">\n<div class=\"brz-section__content brz-section--boxed brz-css-lAsjg brz-css-qNN2g\" data-brz-custom-id=\"onhamslwrksmeiyxdihbfjvbmjdesuvpyprw\">\n<div class=\"brz-bg\">\n<div class=\"brz-bg-color\"><\/div>\n<\/div>\n<div class=\"brz-container brz-css-nJbEs brz-css-sNTR0\">\n<div class=\"brz-row__container brz-css-dHogA brz-css-cdNv3\" data-brz-custom-id=\"dqjivzsaxoknvjbteodrnxoabcwgxuvxinrv\">\n<div class=\"brz-bg\">\n<div class=\"brz-bg-color\"><\/div>\n<\/div>\n<div class=\"brz-row brz-css-eJf5r\">\n<div class=\"brz-columns brz-css-yFwZw brz-css-kbZKo\" data-brz-custom-id=\"wbjfptazjrzxjassogryyrdlagvdhmbkhrpv\">\n<div class=\"brz-bg\"><\/div>\n<div class=\"brz-column__items brz-css-yTFfb\">\n<div id=\"\" class=\"brz-css-qMe3e brz-wrapper\">\n<div class=\"brz-rich-text brz-rich-text__custom brz-css-a2GAI\" data-brz-custom-id=\"rjzozclrnzopgwznhjmtiplstuskwruiscty\">\n<div data-brz-translate-text=\"1\">\n<h2 class=\"brz-mt-lg-15 brz-tp-lg-heading2 brz-text-lg-center brz-tp-sm-empty brz-fs-sm-40 brz-fss-sm-px brz-fw-sm-400 brz-ls-sm-m_1_5 brz-lh-sm-1_3 brz-css-o8_xS\" data-generated-css=\"brz-css-blivs\" data-uniq-id=\"bvvyo\">Sigacik Guide<\/h2>\n<\/div>\n<\/div>\n<\/div>\n<div id=\"\" class=\"brz-css-qMe3e brz-css-xVQMY brz-wrapper\">\n<div class=\"brz-rich-text brz-rich-text__custom brz-css-a2GAI\" data-brz-custom-id=\"rfldapovwuueoocixkxuvbwkylerpkaruoiv\">\n<div data-brz-translate-text=\"1\">\n<p class=\"brz-fw-lg-400 brz-fss-lg-px brz-fs-lg-16 brz-ft-google brz-ff-open_sans brz-tp-lg-empty brz-lh-lg-1_5 brz-ls-lg-0 brz-text-xs-center brz-text-lg-center brz-tp-xs-empty brz-fs-xs-15 brz-fss-xs-px brz-fw-xs-400 brz-ls-xs-0 brz-lh-xs-1_5 brz-css-x74DV\" data-uniq-id=\"qzzns\" data-generated-css=\"brz-css-hntfr\"><span class=\"brz-cp-color2\">Turkey's first Cittaslow city, Seferihisar, is waiting for you! We have prepared a guide to the fishing town of Seferihisar.<\/span><\/p>\n<\/div>\n<\/div>\n<\/div>\n<\/div>\n<\/div>\n<\/div>\n<\/div>\n<\/div>\n<\/div>\n<\/section>\n<section id=\"_faogjtfyngxnbevjsbjhvrwqvjjmhcgaweyj\" class=\"brz-section brz-css-uXy0X\">\n<div class=\"brz-section__content brz-section--boxed brz-css-lAsjg brz-css-cF9hz\" data-brz-custom-id=\"aduysaiaglesyiqcibykbwtzxfltsojpfkjg\">\n<div class=\"brz-bg\">\n<div class=\"brz-bg-color\"><\/div>\n<\/div>\n<div class=\"brz-container brz-css-nJbEs brz-css-eAZep\">\n<div class=\"brz-row__container brz-css-dHogA brz-css-yhwkK\" data-brz-custom-id=\"wifkmmpiebpeoyivsiwdnfqfcclljhpsztot\">\n<div class=\"brz-bg\">\n<div class=\"brz-bg-color\"><\/div>\n<\/div>\n<div class=\"brz-row brz-css-eJf5r brz-css-oLh48\">\n<div class=\"brz-columns brz-css-yFwZw brz-css-isLpm\" data-brz-custom-id=\"moutufryskxkoyhsnqlbmeiaxvqwzzmcpcqy\">\n<div class=\"brz-bg\"><\/div>\n<div class=\"brz-column__items brz-css-yTFfb brz-css-ulfdV\">\n<div class=\"brz-row__container brz-css-dHogA\" data-brz-custom-id=\"bdtnymfnjnfbqoywrbqwhywdcvhxbcdskvzx\">\n<div class=\"brz-bg\"><\/div>\n<div class=\"brz-row brz-row--inner brz-css-eJf5r brz-css-rXy1Z\">\n<div class=\"brz-columns brz-css-yFwZw brz-css-diMnw\" data-brz-custom-id=\"dhpiolpmatellzkvfldqspvtfogfdgoomcig\">\n<div class=\"brz-bg\">\n<div class=\"brz-bg-color\"><\/div>\n<\/div>\n<div class=\"brz-column__items brz-css-yTFfb brz-css-pDTcu\">\n<div id=\"\" class=\"brz-css-qMe3e brz-css-d7EM2 brz-wrapper\">\n<div class=\"brz-rich-text brz-rich-text__custom brz-css-a2GAI\" data-brz-custom-id=\"iyrcosbvzjifwxvewlalneqnpldosrafiavw\">\n<div data-brz-translate-text=\"1\">\n<h2 class=\"brz-lh-xs-1_5 brz-ls-xs-0 brz-fw-xs-400 brz-fss-xs-px brz-fs-xs-35 brz-tp-xs-empty brz-ls-lg-0 brz-fw-lg-400 brz-fss-lg-px brz-fs-lg-46 brz-ft-google brz-lh-lg-1_5 brz-text-lg-left brz-text-xs-center brz-tp-lg-empty brz-ff-spinnaker brz-tp-sm-empty brz-fs-sm-40 brz-fss-sm-px brz-fw-sm-400 brz-ls-sm-0 brz-lh-sm-1_5 brz-css-cFS0V\" data-generated-css=\"brz-css-ruupt\" data-uniq-id=\"ajdqx\"><span class=\"brz-cp-color3\">Location<\/span><\/h2>\n<\/div>\n<\/div>\n<\/div>\n<div id=\"\" class=\"brz-css-qMe3e brz-css-dZnhf brz-wrapper\">\n<div class=\"brz-spacer brz-css-scBKl brz-css-lh5AD\"><\/div>\n<\/div>\n<div id=\"\" class=\"brz-css-qMe3e brz-css-aASex brz-wrapper\">\n<div class=\"brz-rich-text brz-rich-text__custom brz-css-a2GAI\" data-brz-custom-id=\"jizjaanhracahficgdbljwfdytdbnlroimbg\">\n<div data-brz-translate-text=\"1\">\n<p class=\"brz-mb-lg-20 brz-mb-xs-15 brz-text-xs-center brz-fss-lg-px brz-fw-lg-400 brz-ls-lg-0 brz-lh-lg-1_5 brz-tp-lg-empty brz-ff-open_sans brz-ft-google brz-fs-lg-14 brz-css-kR424\" data-generated-css=\"brz-css-pmbbb\" data-uniq-id=\"xpgii\"><span class=\"brz-cp-color2\">Turkey's first slow city, Seferihisar, is located in the south of the Izmir Peninsula. The distance between Izmir and Seferihisar is approximately 45 km. S\u0131\u011fac\u0131k is a coastal town affiliated to Seferihisar.<\/span><\/p>\n<\/div>\n<\/div>\n<\/div>\n<\/div>\n<\/div>\n<\/div>\n<\/div>\n<\/div>\n<\/div>\n<div class=\"brz-columns brz-css-yFwZw brz-css-uyPyg\" data-brz-custom-id=\"hqjhjfnuwybpuvuxfgsdksuzqbtpstuxpyww\">\n<div class=\"brz-bg\"><\/div>\n<div class=\"brz-column__items brz-css-yTFfb brz-css-iZJ4W\">\n<div class=\"brz-row__container brz-css-dHogA\" data-brz-custom-id=\"lnhnyjylwyjwqvluhejfrxdjrpdetgooeiwt\">\n<div class=\"brz-bg\"><\/div>\n<div class=\"brz-row brz-row--inner brz-css-eJf5r brz-css-rXy1Z\">\n<div class=\"brz-columns brz-css-yFwZw brz-css-oKLgY\" data-brz-custom-id=\"gotpjzvhxszmkfuzxzhltivvdpjtmrsicwna\">\n<div class=\"brz-bg\">\n<div class=\"brz-bg-image\"><\/div>\n<\/div>\n<div class=\"brz-column__items brz-css-yTFfb brz-css-x6l4k\">\n<div id=\"\" class=\"brz-css-qMe3e brz-css-dZnhf brz-wrapper\">\n<div class=\"brz-spacer brz-css-scBKl brz-css-m4A4B\"><\/div>\n<\/div>\n<\/div>\n<\/div>\n<\/div>\n<\/div>\n<\/div>\n<\/div>\n<\/div>\n<\/div>\n<div id=\"\" class=\"brz-css-qMe3e brz-css-dZnhf brz-css-maAl2 brz-wrapper\">\n<div class=\"brz-spacer brz-css-scBKl brz-css-kCNHf\"><\/div>\n<\/div>\n<div class=\"brz-row__container brz-css-dHogA brz-css-qgIc5\" data-brz-custom-id=\"ebwpywuzmwjfcqdcwyakxecmrwdknrbfnadk\">\n<div class=\"brz-bg\"><\/div>\n<div class=\"brz-row brz-css-eJf5r brz-css-rXy1Z\">\n<div class=\"brz-columns brz-css-yFwZw brz-css-lcBoS\" data-brz-custom-id=\"bxxhygwcspcggfygrptisjyuofkvuubskhtx\">\n<div class=\"brz-bg\">\n<div class=\"brz-bg-image\"><\/div>\n<\/div>\n<div class=\"brz-column__items brz-css-yTFfb brz-css-yOiOH\">\n<div id=\"\" class=\"brz-css-qMe3e brz-css-dZnhf brz-wrapper\">\n<div class=\"brz-spacer brz-css-scBKl brz-css-sc66t\"><\/div>\n<\/div>\n<\/div>\n<\/div>\n<div class=\"brz-columns brz-css-yFwZw brz-css-bLc3M\" data-brz-custom-id=\"pdeanlxqfcacxyfpkeaolpmnheyvqsxymzux\">\n<div class=\"brz-bg\">\n<div class=\"brz-bg-color\"><\/div>\n<\/div>\n<div class=\"brz-column__items brz-css-yTFfb brz-css-poQS4\">\n<div id=\"\" class=\"brz-css-qMe3e brz-css-ucZqd brz-wrapper\">\n<div class=\"brz-rich-text brz-rich-text__custom brz-css-a2GAI\" data-brz-custom-id=\"jwlkgfpwxwjiivpaifnhiagusgkxjdwjcckc\">\n<div data-brz-translate-text=\"1\">\n<h2 class=\"brz-mt-xs-20 brz-lh-xs-1 brz-ls-xs-0 brz-fw-xs-400 brz-fss-xs-px brz-fs-xs-35 brz-tp-xs-empty brz-lh-sm-1 brz-ls-sm-0 brz-fw-sm-400 brz-fss-sm-px brz-text-lg-left brz-text-xs-center brz-tp-lg-empty brz-ff-spinnaker brz-ft-google brz-fs-lg-46 brz-fss-lg-px brz-fw-lg-400 brz-ls-lg-0 brz-lh-lg-1_5 brz-tp-sm-empty brz-fs-sm-40 brz-css-e4JMF\" data-uniq-id=\"nejhj\" data-generated-css=\"brz-css-jccpo\"><span class=\"brz-cp-color3\">S\u0131\u011fac\u0131k Old Town<\/span><\/h2>\n<\/div>\n<\/div>\n<\/div>\n<div id=\"\" class=\"brz-css-qMe3e brz-css-dZnhf brz-wrapper\">\n<div class=\"brz-spacer brz-css-scBKl brz-css-f6Cfw\"><\/div>\n<\/div>\n<div id=\"\" class=\"brz-css-qMe3e brz-css-sih5P brz-wrapper\">\n<div class=\"brz-rich-text brz-rich-text__custom brz-css-a2GAI\" data-brz-custom-id=\"wuwacmtozapmfymnwvzaffzsauvjdccvgigf\">\n<div data-brz-translate-text=\"1\">\n<p class=\"brz-text-xs-center brz-mb-xs-15 brz-mb-lg-20 brz-tp-lg-empty brz-ff-open_sans brz-ft-google brz-fs-lg-14 brz-fss-lg-px brz-fw-lg-400 brz-ls-lg-0 brz-lh-lg-1_5 brz-css-ieBJC\" data-uniq-id=\"vkubd\" data-generated-css=\"brz-css-ldvoi\"><span class=\"brz-cp-color2\">Sigacik streets await you with a beauty like an open air museum.<\/span><\/p>\n<\/div>\n<\/div>\n<\/div>\n<\/div>\n<\/div>\n<\/div>\n<\/div>\n<div id=\"\" class=\"brz-css-qMe3e brz-css-dZnhf brz-css-vMNZL brz-wrapper\">\n<div class=\"brz-spacer brz-css-scBKl brz-css-tRxYP\"><\/div>\n<\/div>\n<div class=\"brz-row__container brz-css-dHogA\" data-brz-custom-id=\"pipygovmqejtgdcnochrrhexzerniknyqxnl\">\n<div class=\"brz-bg\"><\/div>\n<div class=\"brz-row brz-css-eJf5r brz-css-rXy1Z\">\n<div class=\"brz-columns brz-css-yFwZw brz-css-hNILe\" data-brz-custom-id=\"luhvzeyuxntxanjadefxvdwflgbrnmskkoel\">\n<div class=\"brz-bg\">\n<div class=\"brz-bg-color\"><\/div>\n<\/div>\n<div class=\"brz-column__items brz-css-yTFfb brz-css-vQBaA\">\n<div id=\"\" class=\"brz-css-qMe3e brz-css-cLINk brz-wrapper\">\n<div class=\"brz-rich-text brz-rich-text__custom brz-css-a2GAI\" data-brz-custom-id=\"xvwlkaxzzjbuhwmcvjnxsvghivcancinzsve\">\n<div data-brz-translate-text=\"1\">\n<h2 class=\"brz-mt-xs-20 brz-lh-xs-1 brz-ls-xs-1 brz-fw-xs-600 brz-fss-xs-px brz-fs-xs-35 brz-tp-xs-empty brz-lh-sm-1 brz-ls-sm-1 brz-fw-sm-600 brz-fss-sm-px brz-text-lg-left brz-text-xs-center brz-tp-lg-empty brz-ff-spinnaker brz-ft-google brz-fs-lg-46 brz-fss-lg-px brz-fw-lg-400 brz-ls-lg-0 brz-lh-lg-1_5 brz-tp-sm-empty brz-fs-sm-40 brz-css-wcTCj\" data-generated-css=\"brz-css-qhoqo\" data-uniq-id=\"slqeo\"><span class=\"brz-cp-color3\">Local Bazaar<\/span><\/h2>\n<\/div>\n<\/div>\n<\/div>\n<div id=\"\" class=\"brz-css-qMe3e brz-css-dZnhf brz-wrapper\">\n<div class=\"brz-spacer brz-css-scBKl brz-css-igz5Q\"><\/div>\n<\/div>\n<div id=\"\" class=\"brz-css-qMe3e brz-css-yI66g brz-wrapper\">\n<div class=\"brz-rich-text brz-rich-text__custom brz-css-a2GAI\" data-brz-custom-id=\"mljszuqgkgqhhblknksoomaroeprekdtjurq\">\n<div data-brz-translate-text=\"1\">\n<p class=\"brz-mb-lg-20 brz-mb-xs-15 brz-text-xs-center brz-fss-lg-px brz-fw-lg-400 brz-ls-lg-0 brz-lh-lg-1_5 brz-tp-lg-empty brz-ff-open_sans brz-ft-google brz-fs-lg-14 brz-css-dnTtL\" data-generated-css=\"brz-css-dsmds\" data-uniq-id=\"adbzv\"><span class=\"brz-cp-color2\">Seferihisar's farmer market where you can find a thousand kinds of sweets along with homemade organic beverages like stuffed vine leaves, pickles, various jams, homemade pastries, lemonade, and black mulberry juice. All are made by locals of the district and surrounding villages. This special farmer market connects you directly with the producers.<\/span><\/p>\n<\/div>\n<\/div>\n<\/div>\n<\/div>\n<\/div>\n<div class=\"brz-columns brz-css-yFwZw brz-css-lh5y3\" data-brz-custom-id=\"ofhgihwfajyldvidvdrtvqgjnnelfnwotgrn\">\n<div class=\"brz-bg\">\n<div class=\"brz-bg-image\"><\/div>\n<\/div>\n<div class=\"brz-column__items brz-css-yTFfb brz-css-a1cm9\">\n<div id=\"\" class=\"brz-css-qMe3e brz-css-dZnhf brz-wrapper\">\n<div class=\"brz-spacer brz-css-scBKl brz-css-dk34u\"><\/div>\n<\/div>\n<\/div>\n<\/div>\n<\/div>\n<\/div>\n<div id=\"\" class=\"brz-css-qMe3e brz-css-dZnhf brz-css-s6GcH brz-wrapper\">\n<div class=\"brz-spacer brz-css-scBKl brz-css-n4ZVk\"><\/div>\n<\/div>\n<div class=\"brz-row__container brz-css-dHogA brz-css-pmeVJ\" data-brz-custom-id=\"runuzevglneoduzfnydzriozobqjfolnzcuo\">\n<div class=\"brz-bg\"><\/div>\n<div class=\"brz-row brz-css-eJf5r brz-css-rXy1Z\">\n<div class=\"brz-columns brz-css-yFwZw brz-css-eurq4\" data-brz-custom-id=\"btyugzrzwqpoplhsvbwddhdxqstwuaomejmb\">\n<div class=\"brz-bg\">\n<div class=\"brz-bg-image\"><\/div>\n<\/div>\n<div class=\"brz-column__items brz-css-yTFfb brz-css-z7Uu3\">\n<div id=\"\" class=\"brz-css-qMe3e brz-css-dZnhf brz-wrapper\">\n<div class=\"brz-spacer brz-css-scBKl brz-css-z6V6H\"><\/div>\n<\/div>\n<\/div>\n<\/div>\n<div class=\"brz-columns brz-css-yFwZw brz-css-hGoMw\" data-brz-custom-id=\"fxcwwnpfqlfcrdrslokboevzwzedaiadujua\">\n<div class=\"brz-bg\">\n<div class=\"brz-bg-color\"><\/div>\n<\/div>\n<div class=\"brz-column__items brz-css-yTFfb brz-css-up8R4\">\n<div id=\"\" class=\"brz-css-qMe3e brz-css-awa0L brz-wrapper\">\n<div class=\"brz-rich-text brz-rich-text__custom brz-css-a2GAI\" data-brz-custom-id=\"gffirpiibsbqjyotvegpskmpeipipnhglhqm\">\n<div data-brz-translate-text=\"1\">\n<h2 class=\"brz-lh-sm-1 brz-ls-sm-0 brz-fw-sm-400 brz-fss-sm-px brz-text-xs-center brz-text-lg-left brz-ft-google brz-fs-lg-46 brz-fss-lg-px brz-fw-lg-400 brz-ls-lg-0 brz-lh-lg-1_5 brz-tp-lg-empty brz-ff-spinnaker brz-tp-xs-empty brz-fs-xs-35 brz-fss-xs-px brz-fw-xs-400 brz-ls-xs-0 brz-lh-xs-1_5 brz-tp-sm-empty brz-fs-sm-40 brz-css-xhMmd\" data-uniq-id=\"rpskx\" data-generated-css=\"brz-css-ofggz\"><span class=\"brz-cp-color3\">Teos Ancient City<\/span><\/h2>\n<\/div>\n<\/div>\n<\/div>\n<div id=\"\" class=\"brz-css-qMe3e brz-css-dZnhf brz-wrapper\">\n<div class=\"brz-spacer brz-css-scBKl brz-css-frA9W\"><\/div>\n<\/div>\n<div id=\"\" class=\"brz-css-qMe3e brz-css-oMAd5 brz-wrapper\">\n<div class=\"brz-rich-text brz-rich-text__custom brz-css-a2GAI\" data-brz-custom-id=\"iqgdhokxwnvwyftniumxwljwvjgwapflzpeo\">\n<div data-brz-translate-text=\"1\">\n<p class=\"brz-mb-lg-20 brz-mb-xs-15 brz-text-xs-center brz-ls-lg-0 brz-lh-lg-1_5 brz-tp-lg-empty brz-ff-open_sans brz-ft-google brz-fs-lg-14 brz-fss-lg-px brz-fw-lg-400 brz-css-i6zax\" data-generated-css=\"brz-css-quxjv\" data-uniq-id=\"jfklz\"><span class=\"brz-cp-color2\">Teos, \u015farap tanr\u0131s\u0131 Dioysos\u2019un o\u011flu Athames taraf\u0131ndan M.\u00d6. 1000 y\u0131llar\u0131nda \u0130on kolonisi olarak kurulmu\u015ftur. \u00d6nce Pers y\u00f6netiminde kalm\u0131\u015f, sonra Lidyal\u0131lar\u0131n, ard\u0131ndan yine Pers y\u00f6netimine ge\u00e7mi\u015f olmas\u0131ndan dolay\u0131 \u00e7ok zengin bir tarihi bar\u0131nd\u0131rmaktad\u0131r. Helenistik ve Roma d\u00f6nemi kal\u0131nt\u0131lar\u0131n\u0131n yan\u0131 s\u0131ra antik d\u00fcnyan\u0131n en b\u00fcy\u00fck Dionysos Tap\u0131na\u011f\u0131\u2019n\u0131 g\u00f6rmek i\u00e7in tarih severler Teos Antik Kenti\u2018ni ziyaret edebilir.<\/span><\/p>\n<\/div>\n<\/div>\n<\/div>\n<\/div>\n<\/div>\n<\/div>\n<\/div>\n<\/div>\n<\/div>\n<\/section>\n<\/div>\n<p>    <!-- version:1736415717 --><\/p>","protected":false},"excerpt":{"rendered":"<p>S\u0131\u011fac\u0131k Rehberi T\u00fcrkiye\u2019nin ilk Cittaslow \u015fehri Seferihisar sizleri bekliyor! Sizler i\u00e7in Seferihisar\u2019\u0131n bal\u0131k\u00e7\u0131 kasabas\u0131 S\u0131\u011fac\u0131k rehberini haz\u0131rlad\u0131k. Konum T\u00fcrkiye\u2019nin ilk yava\u015f \u015fehri Seferihisar, \u0130zmir Yar\u0131madas\u0131\u2019n\u0131n g\u00fcneyinde yer almaktad\u0131r. \u0130zmir \u2013 Seferihisar aras\u0131 yakla\u015f\u0131k 45 km\u2019dir. S\u0131\u011fac\u0131k ise Seferihisar\u2019a ba\u011fl\u0131 bir sahil kasabas\u0131d\u0131r. S\u0131\u011fac\u0131k Kalei\u00e7i S\u0131\u011fac\u0131k Kalei\u00e7i sokaklar\u0131 a\u00e7\u0131k hava m\u00fczesi tad\u0131nda y\u00fcr\u00fcmeye doyamayaca\u011f\u0131n\u0131z g\u00fczellikte sizleri [&hellip;]<\/p>","protected":false},"author":1,"featured_media":0,"parent":0,"menu_order":0,"comment_status":"closed","ping_status":"closed","template":"brizy-blank-template.php","meta":{"footnotes":""},"class_list":["post-499","page","type-page","status-publish","hentry"],"aioseo_notices":[],"amp_enabled":false,"_links":{"self":[{"href":"https:\/\/www.monzahouse.com.tr\/en\/wp-json\/wp\/v2\/pages\/499"}],"collection":[{"href":"https:\/\/www.monzahouse.com.tr\/en\/wp-json\/wp\/v2\/pages"}],"about":[{"href":"https:\/\/www.monzahouse.com.tr\/en\/wp-json\/wp\/v2\/types\/page"}],"author":[{"embeddable":true,"href":"https:\/\/www.monzahouse.com.tr\/en\/wp-json\/wp\/v2\/users\/1"}],"replies":[{"embeddable":true,"href":"https:\/\/www.monzahouse.com.tr\/en\/wp-json\/wp\/v2\/comments?post=499"}],"version-history":[{"count":30,"href":"https:\/\/www.monzahouse.com.tr\/en\/wp-json\/wp\/v2\/pages\/499\/revisions"}],"predecessor-version":[{"id":7370,"href":"https:\/\/www.monzahouse.com.tr\/en\/wp-json\/wp\/v2\/pages\/499\/revisions\/7370"}],"wp:attachment":[{"href":"https:\/\/www.monzahouse.com.tr\/en\/wp-json\/wp\/v2\/media?parent=499"}],"curies":[{"name":"wp","href":"https:\/\/api.w.org\/{rel}","templated":true}]}}