{"id":5783,"date":"2022-07-23T15:57:38","date_gmt":"2022-07-23T12:57:38","guid":{"rendered":"https:\/\/www.monzahouse.com.tr\/?page_id=5783"},"modified":"2025-01-09T16:29:50","modified_gmt":"2025-01-09T13:29:50","slug":"anadolu-konsepti","status":"publish","type":"page","link":"https:\/\/www.monzahouse.com.tr\/en\/odalarimiz\/anadolu-konsepti\/","title":{"rendered":"Anatolian Concept"},"content":{"rendered":"<div class=\"brz-root__container brz-reset-all brz\">\n<section id=\"_nsajzbsoxafnpbowbxbxzivbtmvietdoygnw\" class=\"brz-section brz-css-nceW6\">\n<div class=\"brz-section__content brz-section--boxed brz-css-urAPI brz-css-b7_3G\" data-brz-custom-id=\"oqhatioqmyrvxqvuirqropraxdbkftujzlic\">\n<div class=\"brz-bg\">\n<div class=\"brz-bg-color\"><\/div>\n<\/div>\n<div class=\"brz-container brz-css-vTjfw brz-css-nqBAs\">\n<div id=\"\" class=\"brz-css-fmG0H brz-css-ankzn brz-wrapper\">\n<div class=\"brz-image brz-css-dt4vw\" data-brz-custom-id=\"oklkwxbcabtglrunshkbxzkrcqwddwgpgqry\"><img decoding=\"async\" class=\"brz-img\" src=\"https:\/\/www.monzahouse.com.tr\/wp-content\/uploads\/brizy\/imgs\/Monza-AnadoluKonsept-Odalar-1381x394x0x0x1381x394x1597953249.jpg\" alt=\"\" loading=\"lazy\"><\/div>\n<\/div>\n<\/div>\n<\/div>\n<\/section>\n<section id=\"_umpliqbvplqkkdtaekhwomrwqlmkfvbrpfqa\" class=\"brz-section brz-css-nceW6\">\n<div class=\"brz-section__content brz-section--boxed brz-css-urAPI brz-css-llyG0\" data-brz-custom-id=\"zdqsvziytjpmyrbhpalvqinizayyjzkoclzy\">\n<div class=\"brz-bg\">\n<div class=\"brz-bg-color\"><\/div>\n<\/div>\n<div class=\"brz-container brz-css-vTjfw brz-css-z7Flk\">\n<div class=\"brz-row__container brz-css-eInGS\" data-brz-custom-id=\"iuknndheitwzqhenwysxkusjvjyhbjouzthb\">\n<div class=\"brz-bg\"><\/div>\n<div class=\"brz-row brz-css-nRUKw brz-css-eIHHE\">\n<div class=\"brz-columns brz-css-t2ALH brz-css-dUA1x\" data-brz-custom-id=\"jonlwwqxtfovpdideznonijwvibgzelsnakc\">\n<div class=\"brz-bg\">\n<div class=\"brz-bg-color\"><\/div>\n<\/div>\n<div class=\"brz-column__items brz-css-pe64X brz-css-rC7Uo\">\n<div class=\"brz-row__container brz-css-eInGS brz-css-qxRZO\" data-brz-custom-id=\"btgbiyqiqxfhkjkpasugqtextooecdimcadt\">\n<div class=\"brz-bg\">\n<div class=\"brz-bg-color\"><\/div>\n<\/div>\n<div class=\"brz-row brz-row--inner brz-css-nRUKw brz-css-gi96H\">\n<div class=\"brz-columns brz-css-t2ALH brz-css-cE4jt\" data-brz-custom-id=\"jqkwwzmwnhtfwfkpzjpanbjnkjbemvczgitc\">\n<div class=\"brz-bg\"><\/div>\n<div class=\"brz-column__items brz-css-pe64X brz-css-fMBOD\">\n<div id=\"\" class=\"brz-css-fmG0H brz-wrapper\">\n<div class=\"brz-rich-text brz-rich-text__custom brz-css-zWRq7\" data-brz-custom-id=\"cjkdstftzhwdmolfhisbhbhslefkujvdskzx\">\n<div data-brz-translate-text=\"1\">\n<h2 class=\"brz-text-xs-center brz-text-lg-center brz-lh-lg-1_3 brz-tp-lg-empty brz-ff-montserrat brz-ft-google brz-fs-lg-46 brz-fss-lg-px brz-fw-lg-400 brz-ls-lg-0 brz-tp-sm-empty brz-fs-sm-40 brz-fss-sm-px brz-fw-sm-400 brz-ls-sm-0 brz-lh-sm-1_3 brz-fss-xs-px brz-fw-xs-400 brz-ls-xs-0 brz-lh-xs-1_3 brz-tp-xs-empty brz-fs-xs-30 brz-css-tCHSg\" data-uniq-id=\"ovjmg\" data-generated-css=\"brz-css-njped\"><strong>Anatolian Concept<\/strong><\/h2>\n<\/div>\n<\/div>\n<\/div>\n<\/div>\n<\/div>\n<\/div>\n<\/div>\n<\/div>\n<\/div>\n<\/div>\n<\/div>\n<\/div>\n<\/div>\n<\/section>\n<section id=\"_twvamgaehghmqapnepjmifazzetkywrkiudb\" class=\"brz-section brz-css-nceW6\">\n<div class=\"brz-section__content brz-section--boxed brz-css-urAPI brz-css-dEy_l\" data-brz-custom-id=\"ghswsvtwffrvhitpavuwbrujunluiqjwwxzm\">\n<div class=\"brz-bg\">\n<div class=\"brz-bg-color\"><\/div>\n<\/div>\n<div class=\"brz-container brz-css-vTjfw brz-css-on_F4\">\n<div class=\"brz-row__container brz-css-eInGS\" data-brz-custom-id=\"lbvogecrtuzdofxhbnkgflvemiufndsfovia\">\n<div class=\"brz-bg\"><\/div>\n<div class=\"brz-row brz-css-nRUKw brz-css-eIHHE\">\n<div class=\"brz-columns brz-css-t2ALH brz-css-qMwaF\" data-brz-custom-id=\"gnvnmvnlnzkgrhgtfyticyitwgskxckbtxrd\">\n<div class=\"brz-bg\">\n<div class=\"brz-bg-color\"><\/div>\n<\/div>\n<div class=\"brz-column__items brz-css-pe64X brz-css-kav03\">\n<div id=\"\" class=\"brz-css-fmG0H brz-css-u6LuS brz-wrapper\">\n<div class=\"brz-image brz-css-q5cEz\" data-brz-custom-id=\"jpnaajgeohzyiwfbnipaajrrpfzdcsyssbii\"><img decoding=\"async\" class=\"brz-img\" src=\"https:\/\/www.monzahouse.com.tr\/wp-content\/uploads\/brizy\/imgs\/suit-oda-header-banner-430x279x0x0x430x279x1597954019.jpg\" alt=\"\" loading=\"lazy\"><\/div>\n<\/div>\n<div id=\"\" class=\"brz-css-fmG0H brz-css-yAjZ7 brz-wrapper\">\n<div class=\"brz-spacer brz-css-czmg_ brz-css-cXc5x\"><\/div>\n<\/div>\n<div id=\"\" class=\"brz-css-fmG0H brz-wrapper\">\n<div class=\"brz-rich-text brz-rich-text__custom brz-css-zWRq7\" data-brz-custom-id=\"qyrwvnlpdxrknuwkccllcgkpnbqmestuaqto\">\n<div data-brz-translate-text=\"1\">\n<h5 class=\"brz-fw-lg-400 brz-fss-lg-px brz-fs-lg-27 brz-ft-google brz-ff-montserrat brz-tp-lg-empty brz-lh-lg-1_6 brz-ls-lg-0 brz-text-xs-center brz-text-lg-center brz-tp-sm-empty brz-fs-sm-23 brz-fss-sm-px brz-fw-sm-400 brz-ls-sm-0 brz-lh-sm-1_6 brz-css-b4fC5\" data-uniq-id=\"bmzps\" data-generated-css=\"brz-css-ndqzq\"><strong class=\"brz-cp-color2\">Suit Oda \u2013 1<\/strong><\/h5>\n<\/div>\n<\/div>\n<\/div>\n<div id=\"\" class=\"brz-css-fmG0H brz-css-lhOQg brz-wrapper\">\n<div class=\"brz-rich-text brz-rich-text__custom brz-css-zWRq7\" data-brz-custom-id=\"etllwucybbepcfdlxxckfzfjmifxpdmayewz\">\n<div data-brz-translate-text=\"1\">\n<p class=\"brz-text-xs-center brz-text-lg-center brz-ls-lg-0 brz-lh-lg-1_8 brz-tp-lg-empty brz-ff-open_sans brz-ft-google brz-fs-lg-16 brz-fss-lg-px brz-fw-lg-600 brz-css-xnkio\" data-uniq-id=\"mwcsr\" data-generated-css=\"brz-css-dskbh\"><span class=\"brz-cp-color2\">Ground Floor | Max. 4 Persons <\/span><\/p>\n<\/div>\n<\/div>\n<\/div>\n<div class=\"brz-wrapper-clone brz-css-gPmmm\">\n<div class=\"brz-d-xs-flex brz-flex-xs-wrap brz-css-oF6f4\" data-brz-custom-id=\"\">\n<div class=\"brz-wrapper-clone__item\" id=\"uvmlmkyqpecgcqrcdlscrxovztkavzwryckq\"><a class=\"brz-a brz-btn brz-css-f0tch brz-css-uN84u brz-css-pVToq brz-css-fMDga\" href=\"#\" target=\"_self\" rel=\"noopener\" data-brz-link-type=\"external\" data-brz-custom-id=\"uvmlmkyqpecgcqrcdlscrxovztkavzwryckq\"><span data-brz-translate-text=\"1\" class=\"brz-span brz-text__editor\">Details<\/span><\/a><\/div>\n<\/div>\n<\/div>\n<div id=\"\" class=\"brz-css-fmG0H brz-css-yAjZ7 brz-wrapper\">\n<div class=\"brz-spacer brz-css-czmg_ brz-css-dhTtY\"><\/div>\n<\/div>\n<\/div>\n<\/div>\n<div class=\"brz-columns brz-css-t2ALH brz-css-koeqY\" data-brz-custom-id=\"pwltixumigguvxzdoubmmzmismknkdtbupfb\">\n<div class=\"brz-bg\">\n<div class=\"brz-bg-color\"><\/div>\n<\/div>\n<div class=\"brz-column__items brz-css-pe64X brz-css-qaCQ0\">\n<div id=\"\" class=\"brz-css-fmG0H brz-css-p3E6N brz-wrapper\">\n<div class=\"brz-image brz-css-bMmAU\" data-brz-custom-id=\"lfkzkyuuzykxfydsvpvosvumtjtopqqgmqct\"><img decoding=\"async\" class=\"brz-img\" src=\"https:\/\/www.monzahouse.com.tr\/wp-content\/uploads\/brizy\/imgs\/superior-oda-header-banner-432x280x1x0x430x280x1597954335.jpg\" alt=\"\" loading=\"lazy\"><\/div>\n<\/div>\n<div id=\"\" class=\"brz-css-fmG0H brz-css-yAjZ7 brz-wrapper\">\n<div class=\"brz-spacer brz-css-czmg_ brz-css-dUeSJ\"><\/div>\n<\/div>\n<div id=\"\" class=\"brz-css-fmG0H brz-wrapper\">\n<div class=\"brz-rich-text brz-rich-text__custom brz-css-zWRq7\" data-brz-custom-id=\"dwfijqcpjxbpryxhdsqnuioszvizjbwxinig\">\n<div data-brz-translate-text=\"1\">\n<h5 class=\"brz-fw-lg-400 brz-fss-lg-px brz-fs-lg-27 brz-ft-google brz-ff-montserrat brz-tp-lg-empty brz-lh-lg-1_6 brz-ls-lg-0 brz-text-xs-center brz-text-lg-center brz-tp-sm-empty brz-fs-sm-23 brz-fss-sm-px brz-fw-sm-400 brz-ls-sm-0 brz-lh-sm-1_6 brz-css-eQ3G2\" data-uniq-id=\"bwazp\" data-generated-css=\"brz-css-sxivr\"><strong class=\"brz-cp-color2\">Superior Oda \u2013 2<\/strong><\/h5>\n<\/div>\n<\/div>\n<\/div>\n<div id=\"\" class=\"brz-css-fmG0H brz-css-xv4Re brz-wrapper\">\n<div class=\"brz-rich-text brz-rich-text__custom brz-css-zWRq7\" data-brz-custom-id=\"wwgkwptrgwjqbibkafdtvgjqelepskmafnyw\">\n<div data-brz-translate-text=\"1\">\n<p class=\"brz-text-xs-center brz-text-lg-center brz-ls-lg-0 brz-lh-lg-1_8 brz-tp-lg-empty brz-ff-open_sans brz-ft-google brz-fs-lg-16 brz-fss-lg-px brz-fw-lg-600 brz-css-nvESr\" data-uniq-id=\"yxksl\" data-generated-css=\"brz-css-hmjca\"><span class=\"brz-cp-color2\">Second Floor | Max 2 People | Private Balcony<\/span><\/p>\n<\/div>\n<\/div>\n<\/div>\n<div class=\"brz-wrapper-clone brz-css-gPmmm\">\n<div class=\"brz-d-xs-flex brz-flex-xs-wrap brz-css-oF6f4\" data-brz-custom-id=\"\">\n<div class=\"brz-wrapper-clone__item\" id=\"cqyyyjgixugsnvbjmcigkbyhcpqnqcixsudy\"><a class=\"brz-a brz-btn brz-css-f0tch brz-css-pxttS brz-css-pVToq brz-css-ypWCD\" href=\"#\" target=\"_self\" rel=\"noopener\" data-brz-link-type=\"external\" data-brz-custom-id=\"cqyyyjgixugsnvbjmcigkbyhcpqnqcixsudy\"><span data-brz-translate-text=\"1\" class=\"brz-span brz-text__editor\">Details<\/span><\/a><\/div>\n<\/div>\n<\/div>\n<div id=\"\" class=\"brz-css-fmG0H brz-css-yAjZ7 brz-wrapper\">\n<div class=\"brz-spacer brz-css-czmg_ brz-css-mT4kU\"><\/div>\n<\/div>\n<\/div>\n<\/div>\n<div class=\"brz-columns brz-css-t2ALH brz-css-k0whr\" data-brz-custom-id=\"pmkdfptppjzqbefeosmjfppbjrmdhrnscwxa\">\n<div class=\"brz-bg\">\n<div class=\"brz-bg-color\"><\/div>\n<\/div>\n<div class=\"brz-column__items brz-css-pe64X brz-css-ejz51\">\n<div id=\"\" class=\"brz-css-fmG0H brz-css-dAJo0 brz-wrapper\">\n<div class=\"brz-image brz-css-vR9xV\" data-brz-custom-id=\"wmioyepatpmmhhrosxnwcqjqybaznrmpkxwy\"><img decoding=\"async\" class=\"brz-img\" src=\"https:\/\/www.monzahouse.com.tr\/wp-content\/uploads\/brizy\/imgs\/Oda3-Header-431x280x0x5x431x275x1597954956.jpg\" alt=\"\" loading=\"lazy\"><\/div>\n<\/div>\n<div id=\"\" class=\"brz-css-fmG0H brz-css-yAjZ7 brz-wrapper\">\n<div class=\"brz-spacer brz-css-czmg_ brz-css-iTlZy\"><\/div>\n<\/div>\n<div id=\"\" class=\"brz-css-fmG0H brz-wrapper\">\n<div class=\"brz-rich-text brz-rich-text__custom brz-css-zWRq7\" data-brz-custom-id=\"wjvbmccrukjknarjefeldrzfcygfgqeogbml\">\n<div data-brz-translate-text=\"1\">\n<h5 class=\"brz-fs-sm-23 brz-tp-sm-empty brz-lh-sm-1_6 brz-ls-sm-0 brz-fw-sm-500 brz-fss-sm-px brz-text-lg-center brz-text-xs-center brz-tp-lg-empty brz-ff-montserrat brz-ft-google brz-fs-lg-27 brz-fss-lg-px brz-fw-lg-500 brz-ls-lg-0 brz-lh-lg-1_6 brz-css-aXNX_\" data-generated-css=\"brz-css-pdubz\" data-uniq-id=\"vyjev\"><strong class=\"brz-cp-color2\">Superior Oda \u2013 3<\/strong><\/h5>\n<\/div>\n<\/div>\n<\/div>\n<div id=\"\" class=\"brz-css-fmG0H brz-css-mfAqr brz-wrapper\">\n<div class=\"brz-rich-text brz-rich-text__custom brz-css-zWRq7\" data-brz-custom-id=\"zprhvddzqfeowwrtjstyohacvjeeqbiifryl\">\n<div data-brz-translate-text=\"1\">\n<p class=\"brz-text-xs-center brz-text-lg-center brz-ls-lg-0 brz-lh-lg-1_8 brz-tp-lg-empty brz-ff-open_sans brz-ft-google brz-fs-lg-16 brz-fss-lg-px brz-fw-lg-600 brz-css-zzcBQ\" data-uniq-id=\"zrxzp\" data-generated-css=\"brz-css-cuncu\"><span class=\"brz-cp-color2\">Second Floor | Max 2 People | Courtyard and Kalei\u00e7i View<\/span><\/p>\n<\/div>\n<\/div>\n<\/div>\n<div class=\"brz-wrapper-clone brz-css-gPmmm\">\n<div class=\"brz-d-xs-flex brz-flex-xs-wrap brz-css-oF6f4\" data-brz-custom-id=\"\">\n<div class=\"brz-wrapper-clone__item\" id=\"jaeuychsmlokgnwburzugjyvncfoinzzgpyz\"><a class=\"brz-a brz-btn brz-css-f0tch brz-css-bty_w brz-css-pVToq brz-css-by0m9\" href=\"#\" target=\"_self\" rel=\"noopener\" data-brz-link-type=\"external\" data-brz-custom-id=\"jaeuychsmlokgnwburzugjyvncfoinzzgpyz\"><span data-brz-translate-text=\"1\" class=\"brz-span brz-text__editor\">Details<\/span><\/a><\/div>\n<\/div>\n<\/div>\n<div id=\"\" class=\"brz-css-fmG0H brz-css-yAjZ7 brz-css-qHkff brz-wrapper\">\n<div class=\"brz-spacer brz-css-czmg_ brz-css-eSXtV\"><\/div>\n<\/div>\n<\/div>\n<\/div>\n<\/div>\n<\/div>\n<div id=\"\" class=\"brz-css-fmG0H brz-css-yAjZ7 brz-css-jCepC brz-wrapper\">\n<div class=\"brz-spacer brz-css-czmg_ brz-css-sm_hJ\"><\/div>\n<\/div>\n<div class=\"brz-row__container brz-css-eInGS\" data-brz-custom-id=\"befmefbdrmvtcxlpxwqtfyhtnyojjnthefhc\">\n<div class=\"brz-bg\"><\/div>\n<div class=\"brz-row brz-css-nRUKw brz-css-eIHHE\">\n<div class=\"brz-columns brz-css-t2ALH brz-css-j5BWh\" data-brz-custom-id=\"zzwgphdnwptagrfyhnukcxgiesmqrsgcanjp\">\n<div class=\"brz-bg\">\n<div class=\"brz-bg-color\"><\/div>\n<\/div>\n<div class=\"brz-column__items brz-css-pe64X brz-css-s4ze0\">\n<div id=\"\" class=\"brz-css-fmG0H brz-css-mh2BI brz-wrapper\">\n<div class=\"brz-image brz-css-hcyou\" data-brz-custom-id=\"xburxymddkikuyearicdcmpnhnfscmkgnqso\"><img decoding=\"async\" class=\"brz-img\" src=\"https:\/\/www.monzahouse.com.tr\/wp-content\/uploads\/brizy\/imgs\/Oda4-Header-435x282x2x0x430x282x1597956270.jpg\" alt=\"\" loading=\"lazy\"><\/div>\n<\/div>\n<div id=\"\" class=\"brz-css-fmG0H brz-css-yAjZ7 brz-wrapper\">\n<div class=\"brz-spacer brz-css-czmg_ brz-css-n2STi\"><\/div>\n<\/div>\n<div id=\"\" class=\"brz-css-fmG0H brz-wrapper\">\n<div class=\"brz-rich-text brz-rich-text__custom brz-css-zWRq7\" data-brz-custom-id=\"gnpdalwgdevvzpjnpmfkelotjshhyjihhabh\">\n<div data-brz-translate-text=\"1\">\n<h5 class=\"brz-text-lg-center brz-text-xs-center brz-tp-lg-empty brz-ff-montserrat brz-ft-google brz-fs-lg-27 brz-fss-lg-px brz-fw-lg-500 brz-ls-lg-0 brz-lh-lg-1_6 brz-css-gRzGf\" data-generated-css=\"brz-css-smxvs\" data-uniq-id=\"xjupt\"><strong class=\"brz-cp-color2\">Suit Oda \u2013 4<\/strong><\/h5>\n<\/div>\n<\/div>\n<\/div>\n<div id=\"\" class=\"brz-css-fmG0H brz-css-po4ot brz-wrapper\">\n<div class=\"brz-rich-text brz-rich-text__custom brz-css-zWRq7\" data-brz-custom-id=\"ljkreklfwdmimakfggssyqkqxrozszhvcivm\">\n<div data-brz-translate-text=\"1\">\n<p class=\"brz-text-xs-center brz-text-lg-center brz-ls-lg-0 brz-lh-lg-1_8 brz-tp-lg-empty brz-ff-open_sans brz-ft-google brz-fs-lg-16 brz-fss-lg-px brz-fw-lg-600 brz-css-ndQfB\" data-uniq-id=\"xckqq\" data-generated-css=\"brz-css-brska\"><span class=\"brz-cp-color2\">Ground Floor | Max 4 People | Courtyard View<\/span><\/p>\n<\/div>\n<\/div>\n<\/div>\n<div class=\"brz-wrapper-clone brz-css-gPmmm\">\n<div class=\"brz-d-xs-flex brz-flex-xs-wrap brz-css-oF6f4\" data-brz-custom-id=\"\">\n<div class=\"brz-wrapper-clone__item\" id=\"xpreeddchajdccafykxglnivejdagernnfoo\"><a class=\"brz-a brz-btn brz-css-f0tch brz-css-hJfoh brz-css-pVToq brz-css-fre70\" href=\"#\" target=\"_self\" rel=\"noopener\" data-brz-link-type=\"external\" data-brz-custom-id=\"xpreeddchajdccafykxglnivejdagernnfoo\"><span data-brz-translate-text=\"1\" class=\"brz-span brz-text__editor\">Details<\/span><\/a><\/div>\n<\/div>\n<\/div>\n<div id=\"\" class=\"brz-css-fmG0H brz-css-yAjZ7 brz-wrapper\">\n<div class=\"brz-spacer brz-css-czmg_ brz-css-cSiUU\"><\/div>\n<\/div>\n<\/div>\n<\/div>\n<div class=\"brz-columns brz-css-t2ALH brz-css-z8c7x\" data-brz-custom-id=\"ggoefkbujljbducjcuufmpalppokdwjafzxm\">\n<div class=\"brz-bg\">\n<div class=\"brz-bg-color\"><\/div>\n<\/div>\n<div class=\"brz-column__items brz-css-pe64X brz-css-cQlD9\">\n<div id=\"\" class=\"brz-css-fmG0H brz-css-q2QGC brz-wrapper\">\n<div class=\"brz-image brz-css-ebkvv\" data-brz-custom-id=\"wmkphltlmtupyimdpbufdxuwrcwozpprvlmh\"><img decoding=\"async\" class=\"brz-img\" src=\"https:\/\/www.monzahouse.com.tr\/wp-content\/uploads\/brizy\/imgs\/Oda5-Header-435x282x5x0x430x282x1597956558.jpg\" alt=\"\" loading=\"lazy\"><\/div>\n<\/div>\n<div id=\"\" class=\"brz-css-fmG0H brz-css-yAjZ7 brz-wrapper\">\n<div class=\"brz-spacer brz-css-czmg_ brz-css-l5kJg\"><\/div>\n<\/div>\n<div id=\"\" class=\"brz-css-fmG0H brz-wrapper\">\n<div class=\"brz-rich-text brz-rich-text__custom brz-css-zWRq7\" data-brz-custom-id=\"gghxiyyijviaqklftvicmlzqvtaufbxzrhyj\">\n<div data-brz-translate-text=\"1\">\n<h5 class=\"brz-text-xs-center brz-text-lg-center brz-tp-lg-empty brz-ff-montserrat brz-ft-google brz-fs-lg-27 brz-fss-lg-px brz-fw-lg-500 brz-ls-lg-0 brz-lh-lg-1_6 brz-css-lv5CV\" data-uniq-id=\"eeysb\" data-generated-css=\"brz-css-hwpss\"><strong class=\"brz-cp-color2\">Deluxe Oda \u2013 5<\/strong><\/h5>\n<\/div>\n<\/div>\n<\/div>\n<div id=\"\" class=\"brz-css-fmG0H brz-css-gjCRN brz-wrapper\">\n<div class=\"brz-rich-text brz-rich-text__custom brz-css-zWRq7\" data-brz-custom-id=\"sujcdveksvohgvzasjrungfmedhwedtjeanr\">\n<div data-brz-translate-text=\"1\">\n<p class=\"brz-text-lg-center brz-text-xs-center brz-tp-lg-empty brz-ff-open_sans brz-ft-google brz-fs-lg-16 brz-fss-lg-px brz-fw-lg-600 brz-ls-lg-0 brz-lh-lg-1_8 brz-css-tqq04\" data-generated-css=\"brz-css-mybda\" data-uniq-id=\"bivft\"><span class=\"brz-cp-color2\">Second Floor | Max 2 People | Private Balcony | Courtyard View<\/span><\/p>\n<\/div>\n<\/div>\n<\/div>\n<div class=\"brz-wrapper-clone brz-css-gPmmm\">\n<div class=\"brz-d-xs-flex brz-flex-xs-wrap brz-css-oF6f4\" data-brz-custom-id=\"\">\n<div class=\"brz-wrapper-clone__item\" id=\"vegbxfjmrgvooytwoyeplztkifgierpdujco\"><a class=\"brz-a brz-btn brz-css-f0tch brz-css-ioF6B brz-css-pVToq brz-css-ezgxA\" href=\"#\" target=\"_self\" rel=\"noopener\" data-brz-link-type=\"external\" data-brz-custom-id=\"vegbxfjmrgvooytwoyeplztkifgierpdujco\"><span data-brz-translate-text=\"1\" class=\"brz-span brz-text__editor\">Details<\/span><\/a><\/div>\n<\/div>\n<\/div>\n<div id=\"\" class=\"brz-css-fmG0H brz-css-yAjZ7 brz-wrapper\">\n<div class=\"brz-spacer brz-css-czmg_ brz-css-kYXUU\"><\/div>\n<\/div>\n<\/div>\n<\/div>\n<div class=\"brz-columns brz-css-t2ALH brz-css-fiUUR\" data-brz-custom-id=\"xbjdyndsbdkykoktqsbzzobqxwhbxtpdhaey\">\n<div class=\"brz-bg\">\n<div class=\"brz-bg-color\"><\/div>\n<\/div>\n<div class=\"brz-column__items brz-css-pe64X brz-css-n2ZBP\">\n<div id=\"\" class=\"brz-css-fmG0H brz-css-kEZTl brz-wrapper\">\n<div class=\"brz-image brz-css-gVV6h\" data-brz-custom-id=\"xmbxdzkwkdzxmvwktdncwqgisbqqdpnwltxm\"><img decoding=\"async\" class=\"brz-img\" src=\"https:\/\/www.monzahouse.com.tr\/wp-content\/uploads\/brizy\/imgs\/Oda6-Header-431x280x0x1x431x278x1597957008.jpg\" alt=\"\" loading=\"lazy\"><\/div>\n<\/div>\n<div id=\"\" class=\"brz-css-fmG0H brz-css-yAjZ7 brz-wrapper\">\n<div class=\"brz-spacer brz-css-czmg_ brz-css-mE8s7\"><\/div>\n<\/div>\n<div id=\"\" class=\"brz-css-fmG0H brz-wrapper\">\n<div class=\"brz-rich-text brz-rich-text__custom brz-css-zWRq7\" data-brz-custom-id=\"riupkaectyxwrcdkdlewnysdrjrjooutgmfg\">\n<div data-brz-translate-text=\"1\">\n<h5 class=\"brz-text-xs-center brz-text-lg-center brz-tp-lg-empty brz-ff-montserrat brz-ft-google brz-fs-lg-27 brz-fss-lg-px brz-fw-lg-500 brz-ls-lg-0 brz-lh-lg-1_6 brz-css-yEcf_\" data-generated-css=\"brz-css-ihuzq\" data-uniq-id=\"acrva\"><strong class=\"brz-cp-color2\">Deluxe Oda \u2013 6<\/strong><\/h5>\n<\/div>\n<\/div>\n<\/div>\n<div id=\"\" class=\"brz-css-fmG0H brz-css-kcwFW brz-wrapper\">\n<div class=\"brz-rich-text brz-rich-text__custom brz-css-zWRq7\" data-brz-custom-id=\"nxpsgsjskopcteridfqvycesswmwcfvxzgbx\">\n<div data-brz-translate-text=\"1\">\n<p class=\"brz-text-lg-center brz-text-xs-center brz-ls-lg-0 brz-lh-lg-1_8 brz-tp-lg-empty brz-ff-open_sans brz-ft-google brz-fs-lg-16 brz-fss-lg-px brz-fw-lg-600 brz-css-fM2Iq\" data-generated-css=\"brz-css-zgecp\" data-uniq-id=\"kvgxv\"><span class=\"brz-cp-color4\">Second Floor | Max 2 People | Private Balcony | Courtyard View<\/span><\/p>\n<\/div>\n<\/div>\n<\/div>\n<div class=\"brz-wrapper-clone brz-css-gPmmm\">\n<div class=\"brz-d-xs-flex brz-flex-xs-wrap brz-css-oF6f4\" data-brz-custom-id=\"\">\n<div class=\"brz-wrapper-clone__item\" id=\"omkafzzcvnlikbhpenplvqotwgwaeicyxfaz\"><a class=\"brz-a brz-btn brz-css-f0tch brz-css-hNpgT brz-css-pVToq brz-css-ficsK\" href=\"#\" target=\"_self\" rel=\"noopener\" data-brz-link-type=\"external\" data-brz-custom-id=\"omkafzzcvnlikbhpenplvqotwgwaeicyxfaz\"><span data-brz-translate-text=\"1\" class=\"brz-span brz-text__editor\">Details<\/span><\/a><\/div>\n<\/div>\n<\/div>\n<div id=\"\" class=\"brz-css-fmG0H brz-css-yAjZ7 brz-wrapper\">\n<div class=\"brz-spacer brz-css-czmg_ brz-css-wdpks\"><\/div>\n<\/div>\n<\/div>\n<\/div>\n<\/div>\n<\/div>\n<div id=\"\" class=\"brz-css-fmG0H brz-css-yAjZ7 brz-css-qx7o0 brz-wrapper\">\n<div class=\"brz-spacer brz-css-czmg_ brz-css-wilfi\"><\/div>\n<\/div>\n<\/div>\n<\/div>\n<\/section>\n<\/div>\n<p>    <!-- version:1736429390 --><\/p>","protected":false},"excerpt":{"rendered":"<p>Anadolu Konsepti Suit Oda \u2013 1 Giri\u015f Kat\u0131 | Max. 4 Ki\u015fi DETAYLAR Superior Oda \u2013 2 \u0130kinci Kat | Max 2 Ki\u015fi | \u00d6zel Balkonlu DETAYLAR Superior Oda \u2013 3 \u0130kinci Kat | Max 2 Ki\u015fi | Avlu ve Kalei\u00e7i Manzaral\u0131 DETAYLAR Suit Oda \u2013 4 Giri\u015f Kat\u0131 | Max 4 Ki\u015fi | Avlu [&hellip;]<\/p>","protected":false},"author":1,"featured_media":0,"parent":4913,"menu_order":0,"comment_status":"closed","ping_status":"closed","template":"brizy-blank-template.php","meta":{"footnotes":""},"class_list":["post-5783","page","type-page","status-publish","hentry"],"aioseo_notices":[],"amp_enabled":false,"_links":{"self":[{"href":"https:\/\/www.monzahouse.com.tr\/en\/wp-json\/wp\/v2\/pages\/5783"}],"collection":[{"href":"https:\/\/www.monzahouse.com.tr\/en\/wp-json\/wp\/v2\/pages"}],"about":[{"href":"https:\/\/www.monzahouse.com.tr\/en\/wp-json\/wp\/v2\/types\/page"}],"author":[{"embeddable":true,"href":"https:\/\/www.monzahouse.com.tr\/en\/wp-json\/wp\/v2\/users\/1"}],"replies":[{"embeddable":true,"href":"https:\/\/www.monzahouse.com.tr\/en\/wp-json\/wp\/v2\/comments?post=5783"}],"version-history":[{"count":22,"href":"https:\/\/www.monzahouse.com.tr\/en\/wp-json\/wp\/v2\/pages\/5783\/revisions"}],"predecessor-version":[{"id":7494,"href":"https:\/\/www.monzahouse.com.tr\/en\/wp-json\/wp\/v2\/pages\/5783\/revisions\/7494"}],"up":[{"embeddable":true,"href":"https:\/\/www.monzahouse.com.tr\/en\/wp-json\/wp\/v2\/pages\/4913"}],"wp:attachment":[{"href":"https:\/\/www.monzahouse.com.tr\/en\/wp-json\/wp\/v2\/media?parent=5783"}],"curies":[{"name":"wp","href":"https:\/\/api.w.org\/{rel}","templated":true}]}}